{"id":175,"date":"2023-07-18T10:37:31","date_gmt":"2023-07-18T10:37:31","guid":{"rendered":"http:\/\/antiguetats.totmedia.es\/?page_id=175"},"modified":"2023-07-20T09:11:03","modified_gmt":"2023-07-20T09:11:03","slug":"antiguitats-plana-politica-de-cookies","status":"publish","type":"page","link":"https:\/\/antiguedadesplana.com\/ca\/antiguitats-plana-politica-de-cookies\/","title":{"rendered":"Antiguitats Plana | Pol\u00edtica de Cookies"},"content":{"rendered":"<div data-elementor-type=\"wp-page\" data-elementor-id=\"175\" class=\"elementor elementor-175\">\n\t\t\t\t\t\t<section class=\"elementor-section elementor-top-section elementor-element elementor-element-3877f33 elementor-section-boxed elementor-section-height-default elementor-section-height-default\" data-id=\"3877f33\" data-element_type=\"section\" data-e-type=\"section\">\n\t\t\t\t\t\t<div class=\"elementor-container elementor-column-gap-default\">\n\t\t\t\t\t<div class=\"elementor-column elementor-col-100 elementor-top-column elementor-element elementor-element-2c3aeae\" data-id=\"2c3aeae\" data-element_type=\"column\" data-e-type=\"column\">\n\t\t\t<div class=\"elementor-widget-wrap elementor-element-populated\">\n\t\t\t\t\t\t<div class=\"elementor-element elementor-element-e9ff6b0 elementor-widget elementor-widget-heading\" data-id=\"e9ff6b0\" data-element_type=\"widget\" data-e-type=\"widget\" data-widget_type=\"heading.default\">\n\t\t\t\t<div class=\"elementor-widget-container\">\n\t\t\t\t\t<h2 class=\"elementor-heading-title elementor-size-default\">Pol\u00edtica de cookies<\/h2>\t\t\t\t<\/div>\n\t\t\t\t<\/div>\n\t\t\t\t<div class=\"elementor-element elementor-element-2166241 elementor-widget elementor-widget-text-editor\" data-id=\"2166241\" data-element_type=\"widget\" data-e-type=\"widget\" data-widget_type=\"text-editor.default\">\n\t\t\t\t<div class=\"elementor-widget-container\">\n\t\t\t\t\t\t\t\t\t<p><strong>\u00bfQu\u00e9 son las cookies y para qu\u00e9 las utilizamos?<\/strong><\/p><p>Este sitio web, al igual que la mayor\u00eda de sitios web en Internet, utiliza cookies para mejorar la experiencia del usuario. A continuaci\u00f3n, encontrar\u00e1 informaci\u00f3n sobre qu\u00e9 son las cookies, qu\u00e9 tipo de cookies utiliza este portal, como puede desactivar las cookies en su navegador y como desactivar espec\u00edficamente la instalaci\u00f3n de las cookies de terceros.<\/p><p><strong>\u00bfQu\u00e9 son las cookies?<\/strong><\/p><p>Las cookies son peque\u00f1os archivos que algunas plataformas, como las p\u00e1ginas web, pueden instalar en su ordenador, tel\u00e9fono inteligente, tableta o televisi\u00f3n conectada. Sus funciones pueden ser muy variadas: almacenar sus preferencias de navegaci\u00f3n, recopilar informaci\u00f3n estad\u00edstica, permitir ciertas funcionalidades t\u00e9cnicas, etc\u00e9tera. A veces, las cookies se utilizan para almacenar informaci\u00f3n b\u00e1sica sobre los h\u00e1bitos de navegaci\u00f3n del usuario o de su equipo, hasta el punto, seg\u00fan los casos, de poder reconocerlo.<\/p><p><strong>\u00bfPor qu\u00e9 son importantes?<\/strong><\/p><p>Las cookies son \u00fatiles para diversos motivos. Desde un punto de vista t\u00e9cnico, permiten que las p\u00e1ginas web funcionen de forma m\u00e1s \u00e1gil y adaptada a sus preferencias, tales como almacenar su idioma o la moneda de su pa\u00eds. Adem\u00e1s, ayudan a los responsables de los sitios web a mejorar los servicios que ofrecen, gracias a la informaci\u00f3n estad\u00edstica que recogen a trav\u00e9s de ellas.<\/p><p><strong>Tipolog\u00eda, Finalidad y Funcionamiento de los Cookies<\/strong><strong>.<\/strong><\/p><p>Las cookies, en funci\u00f3n de su permanencia, pueden dividirse en cookies de sesi\u00f3n o permanentes. Las primeras expiran cuando el usuario cierra el navegador. Las segundas expiran en funci\u00f3n cuando se cumpla el objetivo para el que sirven (por ejemplo, para que el usuario se mantenga identificado en las p\u00e1ginas de www.antiguedadesplana.com) o bien cuando se borran manualmente.<\/p><p>Adicionalmente, en funci\u00f3n de su objetivo, las cookies puedes clasificarse de la siguiente manera:<\/p><p><strong>Cookies de Rendimiento<\/strong>: Este tipo de cookie recuerda tus preferencias para las herramientas que se encuentran en las p\u00e1ginas, por lo que no hay que volver a configurar cada vez que la visitas. A modo de ejemplo, en esta tipolog\u00eda se incluyen:<\/p><p>Ajustes de volumen de reproductores de v\u00eddeo o sonido.<\/p><p>Las velocidades de transmisi\u00f3n de v\u00eddeo compatibles con su navegador.<\/p><p><strong>Cookies de Geolocalizaci\u00f3n<\/strong>: Estas cookies son utilizadas para averiguar en qu\u00e9 pa\u00eds te encuentras cuando se navega por la web. Esta cookie es totalmente an\u00f3nima, y s\u00f3lo se utiliza para ayudar a orientar el contenido a tu ubicaci\u00f3n.<\/p><p><strong>Cookies de Registro<\/strong>: Las cookies de registro se generan una vez que el usuario se ha registrado o posteriormente comenz\u00f3 la sesi\u00f3n, y se utilizan para identificarlo en las p\u00e1ginas con los siguientes objetivos:<\/p><ul><li>Mantener el usuario identificado de manera que, si cierra una p\u00e1gina, el navegador o el ordenador y en otro momento u otro d\u00eda vuelve a entrar en esta p\u00e1gina, seguir\u00e1 identificado, facilitando as\u00ed su navegaci\u00f3n sin tener que volver a identificarse. Esta funcionalidad se puede suprimir si el usuario pulsa la funcionalidad \u201ccerrar sesi\u00f3n\u201d, por lo que esta cookie se elimina y la pr\u00f3xima vez que entre en la p\u00e1gina el usuario deber\u00e1 iniciar sesi\u00f3n para estar identificado.<\/li><li>Comprobar si el usuario est\u00e1 autorizado para acceder a ciertas p\u00e1ginas, por ejemplo, para participar en un concurso.<\/li><li>Adicionalmente, algunas p\u00e1ginas pueden utilizar conectores con redes sociales como Facebook, Instagram, Youtube o Twitter. Cuando el usuario se registra en una p\u00e1gina con credenciales de una red social, autoriza a la red social a guardar una cookie persistente que recuerda su identidad y le garantiza acceso a las p\u00e1ginas hasta que expira. El usuario puede borrar esta cookie y revocar el acceso a las p\u00e1ginas a trav\u00e9s de redes sociales actualizando sus preferencias en la red social que espec\u00edfica.<\/li><\/ul><p><strong>Cookies de Anal\u00edticas<\/strong>: Cada vez que un usuario visita una p\u00e1gina, una herramienta de un proveedor externo (en nuestro caso Google Analytics) genera una cookie anal\u00edtica en el ordenador del usuario. Esta cookie que s\u00f3lo se genera en la visita, servir\u00e1 en futuras visitas a las p\u00e1ginas de www.antiguedadesplana.com para identificar de forma an\u00f3nima al visitante. Los objetivos principales que se persiguen son:<\/p><ul><li>Permitir la identificaci\u00f3n an\u00f3nima de los usuarios navegantes a trav\u00e9s de la \u201ccookie\u201d (identifica navegadores y dispositivos, no personas) y por tanto la contabilizaci\u00f3n aproximada del n\u00famero de visitantes y su tendencia en el tiempo.<\/li><li>Identificar de forma an\u00f3nima los contenidos m\u00e1s visitados y por lo tanto m\u00e1s atractivos para los usuarios.<\/li><li>Saber si el usuario que est\u00e1 accediendo es nuevo o repite visita.<\/li><\/ul><p>Importante: A menos que el usuario decida registrarse en la web de www.antiguedadesplana.com, la \u201ccookie\u201d nunca ir\u00e1 asociada a ning\u00fan dato de car\u00e1cter personal que pueda identificarlo. Estas cookies s\u00f3lo ser\u00e1n utilizadas con prop\u00f3sitos estad\u00edsticos que ayuden a la optimizaci\u00f3n de la experiencia de los usuarios en el sitio.<\/p><p><strong>Otras cookies de terceros<\/strong><strong>.<\/strong><\/p><p>En algunas de nuestras p\u00e1ginas se pueden instalar cookies de terceros que permitan gestionar y mejorar los servicios que \u00e9stos ofrecen. Un ejemplo de este uso son los enlaces a las redes sociales que permiten compartir nuestros contenidos.<\/p><p><strong>\u00bfC\u00f3mo puedo configurar mis preferencias?<\/strong><\/p><p>Puede permitir, bloquear o eliminar las cookies instaladas en su equipo mediante la configuraci\u00f3n de las opciones de su navegador de internet. En el caso en que las bloquee, es posible que ciertos servicios que necesitan su uso no est\u00e9n disponibles para usted.<\/p><p><strong>Utilizaci\u00f3n de Cookies<\/strong><strong>.<\/strong><\/p><p>Las cookies son ficheros enviados a un navegador por medio de un servidor web para registrar las actividades del usuario en una web determinada. La primera finalidad de las cookies es la de facilitar al usuario un acceso m\u00e1s r\u00e1pido a las p\u00e1ginas seleccionadas.<\/p><p>La web www.antiguedadesplana.com utiliza cookies para personalizar y facilitar al m\u00e1ximo la navegaci\u00f3n del usuario. Las cookies se asocian \u00fanicamente a un usuario an\u00f3nimo y su ordenador y no proporcionan referencias que permitan deducir datos personales del usuario. El usuario podr\u00e1 configurar su navegador para que notifique y rechace la instalaci\u00f3n de las cookies enviadas por la web de www.antiguedadesplana.com, sin que ello perjudique la posibilidad del usuario de acceder a los contenidos. Sin embargo, te hacemos notar que, en todo caso, la calidad de funcionamiento de la p\u00e1gina web puede disminuir.<\/p><p>Asimismo, la web de www.antiguedadesplana.com podr\u00e1 saber todas las p\u00e1ginas visitas por los usuarios, por lo que podr\u00e1 facilitar u ofrecer informaci\u00f3n adecuada a los gustos y preferencias de cada usuario.<\/p><p><strong>\u00bfComo desactivar las Cookies\u00a0<\/strong><strong>en los principales navegadores<\/strong><strong>?<\/strong><\/p><p>Normalmente es posible dejar de aceptar las cookies del navegador, o dejar de aceptar las cookies de una p\u00e1gina en particular.<\/p><p>Todos los navegadores modernos permiten cambiar la configuraci\u00f3n de cookies. Este ajuste normalmente se encuentra en las \u201cOpciones\u201d o \u201cPreferencias\u201d del men\u00fa de su navegador.<\/p><p>La web de www.antiguedadesplana.com ofrecen orientaci\u00f3n al usuario sobre los pasos para acceder al men\u00fa de configuraci\u00f3n de las cookies y, si procede, de la navegaci\u00f3n privada en cada uno de los navegadores principales:<\/p><p><strong>Internet Explorer<\/strong>: Herramientas -&gt; Opciones de Internet -&gt; Privacidad -&gt; Configuraci\u00f3n.<\/p><p>Para m\u00e1s informaci\u00f3n, puede consultar el apoyo de Microsoft o la Ayuda del navegador.<\/p><p>Firefox: Herramientas -&gt; Opciones -&gt; Privacidad -&gt; Hist\u00f3rico -&gt; Configuraci\u00f3n Personalizada.<\/p><p>Para m\u00e1s informaci\u00f3n, puede consultar el apoyo de Mozilla o la Ayuda del navegador.<\/p><p><strong>Chrome<\/strong>: Configuraci\u00f3n -&gt; Mostrar opciones avanzadas -&gt; Privacidad -&gt; Configuraci\u00f3n de contenido.<\/p><p>Para m\u00e1s informaci\u00f3n, puede consultar el apoyo de Google o la Ayuda del navegador.<\/p><p><strong>Safari<\/strong>: Preferencias -&gt; Seguridad.<\/p><p>Para m\u00e1s informaci\u00f3n, puede consultar el apoyo de Apple o la Ayuda del navegador.<\/p><p><strong>\u00bfQu\u00e9 pasa si se desactivan las cookies<\/strong><strong>?<\/strong><\/p><p>Algunas funcionalidades de las p\u00e1ginas quedar\u00e1n desactivadas como, por ejemplo, permanecer identificado, recibir informaci\u00f3n dirigida a su localizaci\u00f3n o la visualizaci\u00f3n de algunos v\u00eddeos.<\/p><p><strong>P\u00edxeles.<\/strong><\/p><p>Un p\u00edxel es una imagen diminuta que se puede encontrar en emails y p\u00e1ginas web, y que requiere una llamada (que proporciona informaci\u00f3n sobre el dispositivo y la visita) a nuestros servidores para que dicho p\u00edxel se represente en esos emails y p\u00e1ginas web. Utilizamos p\u00edxeles para obtener m\u00e1s informaci\u00f3n acerca de tus interacciones con el contenido web y de email, como si has interactuado con anuncios o publicaciones. Los p\u00edxeles tambi\u00e9n nos permiten, a nosotros y a terceros, colocar cookies en tu navegador.<\/p><p><strong>Actualizaci\u00f3n y cambios en la pol\u00edtica de Cookies<\/strong><strong>.<\/strong><\/p><p>La web de www.antiguedadesplana.com puede modificar esta Pol\u00edtica de Cookies en funci\u00f3n de exigencias legislativas, reglamentarias, o con el fin de adaptar esta pol\u00edtica a las instrucciones dictadas por la Agencia Espa\u00f1ola de Protecci\u00f3n de Datos, por ello se aconseja a los usuarios que la visiten peri\u00f3dicamente.<\/p><p>Cuando se produzcan cambios significativos en esta Pol\u00edtica de Cookies, se comunicar\u00e1n a los usuarios mediante la web.<\/p><p>Respecto de las cookies de terceros, es decir aquellas que son ajenas a nuestro sitio web, no podemos hacernos responsables del contenido y veracidad de las pol\u00edticas de privacidad que ellos incluyen por lo que la informaci\u00f3n que le ofrecemos es siempre con referencia a la fuente.<\/p>\t\t\t\t\t\t\t\t<\/div>\n\t\t\t\t<\/div>\n\t\t\t\t\t<\/div>\n\t\t<\/div>\n\t\t\t\t\t<\/div>\n\t\t<\/section>\n\t\t\t\t<\/div>","protected":false},"excerpt":{"rendered":"<p>Pol\u00edtica de cookies \u00bfQu\u00e9 son las cookies y para qu\u00e9 las utilizamos? Este sitio web, al igual que la mayor\u00eda de sitios web en Internet, utiliza cookies para mejorar la experiencia del usuario. A continuaci\u00f3n, encontrar\u00e1 informaci\u00f3n sobre qu\u00e9 son las cookies, qu\u00e9 tipo de cookies utiliza este portal, como puede desactivar las cookies en [&hellip;]<\/p>\n","protected":false},"author":1,"featured_media":0,"parent":0,"menu_order":0,"comment_status":"closed","ping_status":"closed","template":"","meta":{"_monsterinsights_skip_tracking":false,"_monsterinsights_sitenote_active":false,"_monsterinsights_sitenote_note":"","_monsterinsights_sitenote_category":0,"site-sidebar-layout":"no-sidebar","site-content-layout":"page-builder","ast-site-content-layout":"default","site-content-style":"default","site-sidebar-style":"default","ast-global-header-display":"","ast-banner-title-visibility":"","ast-main-header-display":"","ast-hfb-above-header-display":"","ast-hfb-below-header-display":"","ast-hfb-mobile-header-display":"","site-post-title":"disabled","ast-breadcrumbs-content":"","ast-featured-img":"disabled","footer-sml-layout":"","theme-transparent-header-meta":"","adv-header-id-meta":"","stick-header-meta":"","header-above-stick-meta":"","header-main-stick-meta":"","header-below-stick-meta":"","astra-migrate-meta-layouts":"default","ast-page-background-enabled":"default","ast-page-background-meta":{"desktop":{"background-color":"var(--ast-global-color-4)","background-image":"","background-repeat":"repeat","background-position":"center center","background-size":"auto","background-attachment":"scroll","background-type":"","background-media":"","overlay-type":"","overlay-color":"","overlay-opacity":"","overlay-gradient":""},"tablet":{"background-color":"","background-image":"","background-repeat":"repeat","background-position":"center center","background-size":"auto","background-attachment":"scroll","background-type":"","background-media":"","overlay-type":"","overlay-color":"","overlay-opacity":"","overlay-gradient":""},"mobile":{"background-color":"","background-image":"","background-repeat":"repeat","background-position":"center center","background-size":"auto","background-attachment":"scroll","background-type":"","background-media":"","overlay-type":"","overlay-color":"","overlay-opacity":"","overlay-gradient":""}},"ast-content-background-meta":{"desktop":{"background-color":"var(--ast-global-color-5)","background-image":"","background-repeat":"repeat","background-position":"center center","background-size":"auto","background-attachment":"scroll","background-type":"","background-media":"","overlay-type":"","overlay-color":"","overlay-opacity":"","overlay-gradient":""},"tablet":{"background-color":"var(--ast-global-color-5)","background-image":"","background-repeat":"repeat","background-position":"center center","background-size":"auto","background-attachment":"scroll","background-type":"","background-media":"","overlay-type":"","overlay-color":"","overlay-opacity":"","overlay-gradient":""},"mobile":{"background-color":"var(--ast-global-color-5)","background-image":"","background-repeat":"repeat","background-position":"center center","background-size":"auto","background-attachment":"scroll","background-type":"","background-media":"","overlay-type":"","overlay-color":"","overlay-opacity":"","overlay-gradient":""}},"footnotes":""},"class_list":["post-175","page","type-page","status-publish","hentry"],"yoast_head":"<!-- This site is optimized with the Yoast SEO plugin v27.3 - https:\/\/yoast.com\/product\/yoast-seo-wordpress\/ -->\n<title>Antiguitats Plana | Pol\u00edtica de Cookies - Antiguitats Plana<\/title>\n<meta name=\"robots\" content=\"noindex, nofollow\" \/>\n<meta property=\"og:locale\" content=\"ca_ES\" \/>\n<meta property=\"og:type\" content=\"article\" \/>\n<meta property=\"og:title\" content=\"Antiguitats Plana | Pol\u00edtica de Cookies - Antiguitats Plana\" \/>\n<meta property=\"og:description\" content=\"Pol\u00edtica de cookies \u00bfQu\u00e9 son las cookies y para qu\u00e9 las utilizamos? Este sitio web, al igual que la mayor\u00eda de sitios web en Internet, utiliza cookies para mejorar la experiencia del usuario. A continuaci\u00f3n, encontrar\u00e1 informaci\u00f3n sobre qu\u00e9 son las cookies, qu\u00e9 tipo de cookies utiliza este portal, como puede desactivar las cookies en [&hellip;]\" \/>\n<meta property=\"og:url\" content=\"https:\/\/antiguedadesplana.com\/ca\/antiguitats-plana-politica-de-cookies\/\" \/>\n<meta property=\"og:site_name\" content=\"Antiguitats Plana\" \/>\n<meta property=\"article:modified_time\" content=\"2023-07-20T09:11:03+00:00\" \/>\n<meta name=\"twitter:card\" content=\"summary_large_image\" \/>\n<meta name=\"twitter:label1\" content=\"Temps estimat de lectura\" \/>\n\t<meta name=\"twitter:data1\" content=\"7 minuts\" \/>\n<script type=\"application\/ld+json\" class=\"yoast-schema-graph\">{\"@context\":\"https:\\\/\\\/schema.org\",\"@graph\":[{\"@type\":\"WebPage\",\"@id\":\"https:\\\/\\\/antiguedadesplana.com\\\/antiguitats-plana-politica-de-cookies\\\/\",\"url\":\"https:\\\/\\\/antiguedadesplana.com\\\/antiguitats-plana-politica-de-cookies\\\/\",\"name\":\"Antiguitats Plana | Pol\u00edtica de Cookies - Antiguitats Plana\",\"isPartOf\":{\"@id\":\"https:\\\/\\\/antiguedadesplana.com\\\/#website\"},\"datePublished\":\"2023-07-18T10:37:31+00:00\",\"dateModified\":\"2023-07-20T09:11:03+00:00\",\"breadcrumb\":{\"@id\":\"https:\\\/\\\/antiguedadesplana.com\\\/antiguitats-plana-politica-de-cookies\\\/#breadcrumb\"},\"inLanguage\":\"ca\",\"potentialAction\":[{\"@type\":\"ReadAction\",\"target\":[\"https:\\\/\\\/antiguedadesplana.com\\\/antiguitats-plana-politica-de-cookies\\\/\"]}]},{\"@type\":\"BreadcrumbList\",\"@id\":\"https:\\\/\\\/antiguedadesplana.com\\\/antiguitats-plana-politica-de-cookies\\\/#breadcrumb\",\"itemListElement\":[{\"@type\":\"ListItem\",\"position\":1,\"name\":\"Portada\",\"item\":\"https:\\\/\\\/antiguedadesplana.com\\\/\"},{\"@type\":\"ListItem\",\"position\":2,\"name\":\"Antiguitats Plana | Pol\u00edtica de Cookies\"}]},{\"@type\":\"WebSite\",\"@id\":\"https:\\\/\\\/antiguedadesplana.com\\\/#website\",\"url\":\"https:\\\/\\\/antiguedadesplana.com\\\/\",\"name\":\"Antiguitats Plana\",\"description\":\"Otro sitio realizado con WordPress\",\"publisher\":{\"@id\":\"https:\\\/\\\/antiguedadesplana.com\\\/#organization\"},\"potentialAction\":[{\"@type\":\"SearchAction\",\"target\":{\"@type\":\"EntryPoint\",\"urlTemplate\":\"https:\\\/\\\/antiguedadesplana.com\\\/?s={search_term_string}\"},\"query-input\":{\"@type\":\"PropertyValueSpecification\",\"valueRequired\":true,\"valueName\":\"search_term_string\"}}],\"inLanguage\":\"ca\"},{\"@type\":\"Organization\",\"@id\":\"https:\\\/\\\/antiguedadesplana.com\\\/#organization\",\"name\":\"Antiguitats Plana\",\"url\":\"https:\\\/\\\/antiguedadesplana.com\\\/\",\"logo\":{\"@type\":\"ImageObject\",\"inLanguage\":\"ca\",\"@id\":\"https:\\\/\\\/antiguedadesplana.com\\\/#\\\/schema\\\/logo\\\/image\\\/\",\"url\":\"https:\\\/\\\/antiguedadesplana.com\\\/wp-content\\\/uploads\\\/2023\\\/07\\\/antiguitatsplanalogo.png\",\"contentUrl\":\"https:\\\/\\\/antiguedadesplana.com\\\/wp-content\\\/uploads\\\/2023\\\/07\\\/antiguitatsplanalogo.png\",\"width\":113,\"height\":89,\"caption\":\"Antiguitats Plana\"},\"image\":{\"@id\":\"https:\\\/\\\/antiguedadesplana.com\\\/#\\\/schema\\\/logo\\\/image\\\/\"}}]}<\/script>\n<!-- \/ Yoast SEO plugin. -->","yoast_head_json":{"title":"Antiguitats Plana | Pol\u00edtica de Cookies - Antiguitats Plana","robots":{"index":"noindex","follow":"nofollow"},"og_locale":"ca_ES","og_type":"article","og_title":"Antiguitats Plana | Pol\u00edtica de Cookies - Antiguitats Plana","og_description":"Pol\u00edtica de cookies \u00bfQu\u00e9 son las cookies y para qu\u00e9 las utilizamos? Este sitio web, al igual que la mayor\u00eda de sitios web en Internet, utiliza cookies para mejorar la experiencia del usuario. A continuaci\u00f3n, encontrar\u00e1 informaci\u00f3n sobre qu\u00e9 son las cookies, qu\u00e9 tipo de cookies utiliza este portal, como puede desactivar las cookies en [&hellip;]","og_url":"https:\/\/antiguedadesplana.com\/ca\/antiguitats-plana-politica-de-cookies\/","og_site_name":"Antiguitats Plana","article_modified_time":"2023-07-20T09:11:03+00:00","twitter_card":"summary_large_image","twitter_misc":{"Temps estimat de lectura":"7 minuts"},"schema":{"@context":"https:\/\/schema.org","@graph":[{"@type":"WebPage","@id":"https:\/\/antiguedadesplana.com\/antiguitats-plana-politica-de-cookies\/","url":"https:\/\/antiguedadesplana.com\/antiguitats-plana-politica-de-cookies\/","name":"Antiguitats Plana | Pol\u00edtica de Cookies - Antiguitats Plana","isPartOf":{"@id":"https:\/\/antiguedadesplana.com\/#website"},"datePublished":"2023-07-18T10:37:31+00:00","dateModified":"2023-07-20T09:11:03+00:00","breadcrumb":{"@id":"https:\/\/antiguedadesplana.com\/antiguitats-plana-politica-de-cookies\/#breadcrumb"},"inLanguage":"ca","potentialAction":[{"@type":"ReadAction","target":["https:\/\/antiguedadesplana.com\/antiguitats-plana-politica-de-cookies\/"]}]},{"@type":"BreadcrumbList","@id":"https:\/\/antiguedadesplana.com\/antiguitats-plana-politica-de-cookies\/#breadcrumb","itemListElement":[{"@type":"ListItem","position":1,"name":"Portada","item":"https:\/\/antiguedadesplana.com\/"},{"@type":"ListItem","position":2,"name":"Antiguitats Plana | Pol\u00edtica de Cookies"}]},{"@type":"WebSite","@id":"https:\/\/antiguedadesplana.com\/#website","url":"https:\/\/antiguedadesplana.com\/","name":"Antiguitats Plana","description":"Otro sitio realizado con WordPress","publisher":{"@id":"https:\/\/antiguedadesplana.com\/#organization"},"potentialAction":[{"@type":"SearchAction","target":{"@type":"EntryPoint","urlTemplate":"https:\/\/antiguedadesplana.com\/?s={search_term_string}"},"query-input":{"@type":"PropertyValueSpecification","valueRequired":true,"valueName":"search_term_string"}}],"inLanguage":"ca"},{"@type":"Organization","@id":"https:\/\/antiguedadesplana.com\/#organization","name":"Antiguitats Plana","url":"https:\/\/antiguedadesplana.com\/","logo":{"@type":"ImageObject","inLanguage":"ca","@id":"https:\/\/antiguedadesplana.com\/#\/schema\/logo\/image\/","url":"https:\/\/antiguedadesplana.com\/wp-content\/uploads\/2023\/07\/antiguitatsplanalogo.png","contentUrl":"https:\/\/antiguedadesplana.com\/wp-content\/uploads\/2023\/07\/antiguitatsplanalogo.png","width":113,"height":89,"caption":"Antiguitats Plana"},"image":{"@id":"https:\/\/antiguedadesplana.com\/#\/schema\/logo\/image\/"}}]}},"_links":{"self":[{"href":"https:\/\/antiguedadesplana.com\/ca\/wp-json\/wp\/v2\/pages\/175","targetHints":{"allow":["GET"]}}],"collection":[{"href":"https:\/\/antiguedadesplana.com\/ca\/wp-json\/wp\/v2\/pages"}],"about":[{"href":"https:\/\/antiguedadesplana.com\/ca\/wp-json\/wp\/v2\/types\/page"}],"author":[{"embeddable":true,"href":"https:\/\/antiguedadesplana.com\/ca\/wp-json\/wp\/v2\/users\/1"}],"replies":[{"embeddable":true,"href":"https:\/\/antiguedadesplana.com\/ca\/wp-json\/wp\/v2\/comments?post=175"}],"version-history":[{"count":0,"href":"https:\/\/antiguedadesplana.com\/ca\/wp-json\/wp\/v2\/pages\/175\/revisions"}],"wp:attachment":[{"href":"https:\/\/antiguedadesplana.com\/ca\/wp-json\/wp\/v2\/media?parent=175"}],"curies":[{"name":"wp","href":"https:\/\/api.w.org\/{rel}","templated":true}]}}